{"id":526,"date":"2017-06-21T22:44:58","date_gmt":"2017-06-21T20:44:58","guid":{"rendered":"https:\/\/madeofmoreska.com\/?post_type=product&#038;p=526\/"},"modified":"2017-09-23T13:32:12","modified_gmt":"2017-09-23T11:32:12","slug":"skula-carnet-de-notes-noir","status":"publish","type":"product","link":"https:\/\/madeofmoreska.com\/fr\/shop\/skula-carnet-de-notes-noir\/","title":{"rendered":"Sk\u0215la carnet de notes, noir"},"content":{"rendered":"","protected":false},"excerpt":{"rendered":"<p><span class=\"_5yl5\">A Kor\u010dula, \u00e9cole se dit <em>Sk\u0215la<\/em>. Cependant, la collection d\u2019agendas, de carnets de notes et de cahiers <strong>Sk\u0215la<\/strong> n\u2019est pas destin\u00e9e uniquement aux \u00e9coliers, mais \u00e0 tous et pour toute occasion d\u2019y noter quelque chose que vous voulez pr\u00e9server de l\u2019oubli. Comme la ville de Kor\u010dula pr\u00e9serve More\u0161ka.<\/span><\/p>\n<div class=\"woocommerce-product-details__short-description\">\n<div>Un cinqui\u00e8me des recettes de la vente de tous les produits<em> Made of: More\u0161ka<\/em>, est revers\u00e9 aux associations culturelles de la ville de Kor\u010dula qui cultivent et pratiquent More\u0161ka.<\/div>\n<\/div>\n","protected":false},"featured_media":712,"comment_status":"open","ping_status":"closed","template":"","meta":[],"product_brand":[],"product_cat":[30,63,31],"product_tag":[],"class_list":{"0":"post-526","1":"product","2":"type-product","3":"status-publish","4":"has-post-thumbnail","6":"product_cat-carnets-de-notes","7":"product_cat-nouveau","8":"product_cat-skula-fr","10":"first","11":"instock","12":"shipping-taxable","13":"purchasable","14":"product-type-simple"},"yoast_head":"<!-- This site is optimized with the Yoast SEO plugin v27.5 - https:\/\/yoast.com\/product\/yoast-seo-wordpress\/ -->\n<title>Sk\u0215la carnet de notes, noir - MADE OF MORE&Scaron;KA<\/title>\n<meta name=\"robots\" content=\"index, follow, max-snippet:-1, max-image-preview:large, max-video-preview:-1\" \/>\n<link rel=\"canonical\" href=\"https:\/\/madeofmoreska.com\/fr\/shop\/skula-carnet-de-notes-noir\/\" \/>\n<meta property=\"og:locale\" content=\"fr_FR\" \/>\n<meta property=\"og:type\" content=\"article\" \/>\n<meta property=\"og:title\" content=\"Sk\u0215la carnet de notes, noir - MADE OF MORE&Scaron;KA\" \/>\n<meta property=\"og:description\" content=\"A Kor\u010dula, \u00e9cole se dit Sk\u0215la. Cependant, la collection d\u2019agendas, de carnets de notes et de cahiers Sk\u0215la n\u2019est pas destin\u00e9e uniquement aux \u00e9coliers, mais \u00e0 tous et pour toute occasion d\u2019y noter quelque chose que vous voulez pr\u00e9server de l\u2019oubli. Comme la ville de Kor\u010dula pr\u00e9serve More\u0161ka.  Un cinqui\u00e8me des recettes de la vente de tous les produits Made of: More\u0161ka, est revers\u00e9 aux associations culturelles de la ville de Kor\u010dula qui cultivent et pratiquent More\u0161ka.\" \/>\n<meta property=\"og:url\" content=\"https:\/\/madeofmoreska.com\/fr\/shop\/skula-carnet-de-notes-noir\/\" \/>\n<meta property=\"og:site_name\" content=\"MADE OF MORE&Scaron;KA\" \/>\n<meta property=\"article:publisher\" content=\"https:\/\/www.facebook.com\/madeofmoreska\/\" \/>\n<meta property=\"article:modified_time\" content=\"2017-09-23T11:32:12+00:00\" \/>\n<meta property=\"og:image\" content=\"https:\/\/madeofmoreska.com\/wp-content\/uploads\/crni_s_crnom.jpg\" \/>\n\t<meta property=\"og:image:width\" content=\"3258\" \/>\n\t<meta property=\"og:image:height\" content=\"2422\" \/>\n\t<meta property=\"og:image:type\" content=\"image\/jpeg\" \/>\n<meta name=\"twitter:card\" content=\"summary_large_image\" \/>\n<meta name=\"twitter:site\" content=\"@moreskamade\" \/>\n<script type=\"application\/ld+json\" class=\"yoast-schema-graph\">{\"@context\":\"https:\\\/\\\/schema.org\",\"@graph\":[{\"@type\":\"WebPage\",\"@id\":\"https:\\\/\\\/madeofmoreska.com\\\/fr\\\/shop\\\/skula-carnet-de-notes-noir\\\/\",\"url\":\"https:\\\/\\\/madeofmoreska.com\\\/fr\\\/shop\\\/skula-carnet-de-notes-noir\\\/\",\"name\":\"Sk\u0215la carnet de notes, noir - MADE OF MORE&Scaron;KA\",\"isPartOf\":{\"@id\":\"https:\\\/\\\/madeofmoreska.com\\\/#website\"},\"primaryImageOfPage\":{\"@id\":\"https:\\\/\\\/madeofmoreska.com\\\/fr\\\/shop\\\/skula-carnet-de-notes-noir\\\/#primaryimage\"},\"image\":{\"@id\":\"https:\\\/\\\/madeofmoreska.com\\\/fr\\\/shop\\\/skula-carnet-de-notes-noir\\\/#primaryimage\"},\"thumbnailUrl\":\"https:\\\/\\\/madeofmoreska.com\\\/wp-content\\\/uploads\\\/crni_s_crnom.jpg\",\"datePublished\":\"2017-06-21T20:44:58+00:00\",\"dateModified\":\"2017-09-23T11:32:12+00:00\",\"breadcrumb\":{\"@id\":\"https:\\\/\\\/madeofmoreska.com\\\/fr\\\/shop\\\/skula-carnet-de-notes-noir\\\/#breadcrumb\"},\"inLanguage\":\"fr-FR\",\"potentialAction\":[{\"@type\":\"ReadAction\",\"target\":[\"https:\\\/\\\/madeofmoreska.com\\\/fr\\\/shop\\\/skula-carnet-de-notes-noir\\\/\"]}]},{\"@type\":\"ImageObject\",\"inLanguage\":\"fr-FR\",\"@id\":\"https:\\\/\\\/madeofmoreska.com\\\/fr\\\/shop\\\/skula-carnet-de-notes-noir\\\/#primaryimage\",\"url\":\"https:\\\/\\\/madeofmoreska.com\\\/wp-content\\\/uploads\\\/crni_s_crnom.jpg\",\"contentUrl\":\"https:\\\/\\\/madeofmoreska.com\\\/wp-content\\\/uploads\\\/crni_s_crnom.jpg\",\"width\":3258,\"height\":2422},{\"@type\":\"BreadcrumbList\",\"@id\":\"https:\\\/\\\/madeofmoreska.com\\\/fr\\\/shop\\\/skula-carnet-de-notes-noir\\\/#breadcrumb\",\"itemListElement\":[{\"@type\":\"ListItem\",\"position\":1,\"name\":\"Home\",\"item\":\"https:\\\/\\\/madeofmoreska.com\\\/fr\\\/\"},{\"@type\":\"ListItem\",\"position\":2,\"name\":\"La Boutique\",\"item\":\"https:\\\/\\\/madeofmoreska.com\\\/fr\\\/boutique\\\/\"},{\"@type\":\"ListItem\",\"position\":3,\"name\":\"Sk\u0215la carnet de notes, noir\"}]},{\"@type\":\"WebSite\",\"@id\":\"https:\\\/\\\/madeofmoreska.com\\\/#website\",\"url\":\"https:\\\/\\\/madeofmoreska.com\\\/\",\"name\":\"MADE OF MORE&Scaron;KA\",\"description\":\"\",\"publisher\":{\"@id\":\"https:\\\/\\\/madeofmoreska.com\\\/#organization\"},\"potentialAction\":[{\"@type\":\"SearchAction\",\"target\":{\"@type\":\"EntryPoint\",\"urlTemplate\":\"https:\\\/\\\/madeofmoreska.com\\\/?s={search_term_string}\"},\"query-input\":{\"@type\":\"PropertyValueSpecification\",\"valueRequired\":true,\"valueName\":\"search_term_string\"}}],\"inLanguage\":\"fr-FR\"},{\"@type\":\"Organization\",\"@id\":\"https:\\\/\\\/madeofmoreska.com\\\/#organization\",\"name\":\"MADE OF MORE&Scaron;KA\",\"url\":\"https:\\\/\\\/madeofmoreska.com\\\/\",\"logo\":{\"@type\":\"ImageObject\",\"inLanguage\":\"fr-FR\",\"@id\":\"https:\\\/\\\/madeofmoreska.com\\\/#\\\/schema\\\/logo\\\/image\\\/\",\"url\":\"https:\\\/\\\/madeofmoreska.com\\\/wp-content\\\/uploads\\\/logo-header_transparent.png\",\"contentUrl\":\"https:\\\/\\\/madeofmoreska.com\\\/wp-content\\\/uploads\\\/logo-header_transparent.png\",\"width\":452,\"height\":125,\"caption\":\"MADE OF MORE&Scaron;KA\"},\"image\":{\"@id\":\"https:\\\/\\\/madeofmoreska.com\\\/#\\\/schema\\\/logo\\\/image\\\/\"},\"sameAs\":[\"https:\\\/\\\/www.facebook.com\\\/madeofmoreska\\\/\",\"https:\\\/\\\/x.com\\\/moreskamade\"]}]}<\/script>\n<!-- \/ Yoast SEO plugin. -->","yoast_head_json":{"title":"Sk\u0215la carnet de notes, noir - MADE OF MORE&Scaron;KA","robots":{"index":"index","follow":"follow","max-snippet":"max-snippet:-1","max-image-preview":"max-image-preview:large","max-video-preview":"max-video-preview:-1"},"canonical":"https:\/\/madeofmoreska.com\/fr\/shop\/skula-carnet-de-notes-noir\/","og_locale":"fr_FR","og_type":"article","og_title":"Sk\u0215la carnet de notes, noir - MADE OF MORE&Scaron;KA","og_description":"A Kor\u010dula, \u00e9cole se dit Sk\u0215la. Cependant, la collection d\u2019agendas, de carnets de notes et de cahiers Sk\u0215la n\u2019est pas destin\u00e9e uniquement aux \u00e9coliers, mais \u00e0 tous et pour toute occasion d\u2019y noter quelque chose que vous voulez pr\u00e9server de l\u2019oubli. Comme la ville de Kor\u010dula pr\u00e9serve More\u0161ka.  Un cinqui\u00e8me des recettes de la vente de tous les produits Made of: More\u0161ka, est revers\u00e9 aux associations culturelles de la ville de Kor\u010dula qui cultivent et pratiquent More\u0161ka.","og_url":"https:\/\/madeofmoreska.com\/fr\/shop\/skula-carnet-de-notes-noir\/","og_site_name":"MADE OF MORE&Scaron;KA","article_publisher":"https:\/\/www.facebook.com\/madeofmoreska\/","article_modified_time":"2017-09-23T11:32:12+00:00","og_image":[{"width":3258,"height":2422,"url":"https:\/\/madeofmoreska.com\/wp-content\/uploads\/crni_s_crnom.jpg","type":"image\/jpeg"}],"twitter_card":"summary_large_image","twitter_site":"@moreskamade","schema":{"@context":"https:\/\/schema.org","@graph":[{"@type":"WebPage","@id":"https:\/\/madeofmoreska.com\/fr\/shop\/skula-carnet-de-notes-noir\/","url":"https:\/\/madeofmoreska.com\/fr\/shop\/skula-carnet-de-notes-noir\/","name":"Sk\u0215la carnet de notes, noir - MADE OF MORE&Scaron;KA","isPartOf":{"@id":"https:\/\/madeofmoreska.com\/#website"},"primaryImageOfPage":{"@id":"https:\/\/madeofmoreska.com\/fr\/shop\/skula-carnet-de-notes-noir\/#primaryimage"},"image":{"@id":"https:\/\/madeofmoreska.com\/fr\/shop\/skula-carnet-de-notes-noir\/#primaryimage"},"thumbnailUrl":"https:\/\/madeofmoreska.com\/wp-content\/uploads\/crni_s_crnom.jpg","datePublished":"2017-06-21T20:44:58+00:00","dateModified":"2017-09-23T11:32:12+00:00","breadcrumb":{"@id":"https:\/\/madeofmoreska.com\/fr\/shop\/skula-carnet-de-notes-noir\/#breadcrumb"},"inLanguage":"fr-FR","potentialAction":[{"@type":"ReadAction","target":["https:\/\/madeofmoreska.com\/fr\/shop\/skula-carnet-de-notes-noir\/"]}]},{"@type":"ImageObject","inLanguage":"fr-FR","@id":"https:\/\/madeofmoreska.com\/fr\/shop\/skula-carnet-de-notes-noir\/#primaryimage","url":"https:\/\/madeofmoreska.com\/wp-content\/uploads\/crni_s_crnom.jpg","contentUrl":"https:\/\/madeofmoreska.com\/wp-content\/uploads\/crni_s_crnom.jpg","width":3258,"height":2422},{"@type":"BreadcrumbList","@id":"https:\/\/madeofmoreska.com\/fr\/shop\/skula-carnet-de-notes-noir\/#breadcrumb","itemListElement":[{"@type":"ListItem","position":1,"name":"Home","item":"https:\/\/madeofmoreska.com\/fr\/"},{"@type":"ListItem","position":2,"name":"La Boutique","item":"https:\/\/madeofmoreska.com\/fr\/boutique\/"},{"@type":"ListItem","position":3,"name":"Sk\u0215la carnet de notes, noir"}]},{"@type":"WebSite","@id":"https:\/\/madeofmoreska.com\/#website","url":"https:\/\/madeofmoreska.com\/","name":"MADE OF MORE&Scaron;KA","description":"","publisher":{"@id":"https:\/\/madeofmoreska.com\/#organization"},"potentialAction":[{"@type":"SearchAction","target":{"@type":"EntryPoint","urlTemplate":"https:\/\/madeofmoreska.com\/?s={search_term_string}"},"query-input":{"@type":"PropertyValueSpecification","valueRequired":true,"valueName":"search_term_string"}}],"inLanguage":"fr-FR"},{"@type":"Organization","@id":"https:\/\/madeofmoreska.com\/#organization","name":"MADE OF MORE&Scaron;KA","url":"https:\/\/madeofmoreska.com\/","logo":{"@type":"ImageObject","inLanguage":"fr-FR","@id":"https:\/\/madeofmoreska.com\/#\/schema\/logo\/image\/","url":"https:\/\/madeofmoreska.com\/wp-content\/uploads\/logo-header_transparent.png","contentUrl":"https:\/\/madeofmoreska.com\/wp-content\/uploads\/logo-header_transparent.png","width":452,"height":125,"caption":"MADE OF MORE&Scaron;KA"},"image":{"@id":"https:\/\/madeofmoreska.com\/#\/schema\/logo\/image\/"},"sameAs":["https:\/\/www.facebook.com\/madeofmoreska\/","https:\/\/x.com\/moreskamade"]}]}},"_links":{"self":[{"href":"https:\/\/madeofmoreska.com\/fr\/wp-json\/wp\/v2\/product\/526","targetHints":{"allow":["GET"]}}],"collection":[{"href":"https:\/\/madeofmoreska.com\/fr\/wp-json\/wp\/v2\/product"}],"about":[{"href":"https:\/\/madeofmoreska.com\/fr\/wp-json\/wp\/v2\/types\/product"}],"replies":[{"embeddable":true,"href":"https:\/\/madeofmoreska.com\/fr\/wp-json\/wp\/v2\/comments?post=526"}],"wp:featuredmedia":[{"embeddable":true,"href":"https:\/\/madeofmoreska.com\/fr\/wp-json\/wp\/v2\/media\/712"}],"wp:attachment":[{"href":"https:\/\/madeofmoreska.com\/fr\/wp-json\/wp\/v2\/media?parent=526"}],"wp:term":[{"taxonomy":"product_brand","embeddable":true,"href":"https:\/\/madeofmoreska.com\/fr\/wp-json\/wp\/v2\/product_brand?post=526"},{"taxonomy":"product_cat","embeddable":true,"href":"https:\/\/madeofmoreska.com\/fr\/wp-json\/wp\/v2\/product_cat?post=526"},{"taxonomy":"product_tag","embeddable":true,"href":"https:\/\/madeofmoreska.com\/fr\/wp-json\/wp\/v2\/product_tag?post=526"}],"curies":[{"name":"wp","href":"https:\/\/api.w.org\/{rel}","templated":true}]}}