{"id":495,"date":"2017-06-16T12:29:05","date_gmt":"2017-06-16T10:29:05","guid":{"rendered":"https:\/\/madeofmoreska.com\/shop\/bula-bracelet-bleu\/"},"modified":"2017-06-22T21:19:31","modified_gmt":"2017-06-22T19:19:31","slug":"bula-bracelet-bleu","status":"publish","type":"product","link":"https:\/\/madeofmoreska.com\/fr\/shop\/bula-bracelet-bleu\/","title":{"rendered":"Bula bracelet, bleu"},"content":{"rendered":"","protected":false},"excerpt":{"rendered":"<p>La collection exclusive de bijoux <strong>Bula<\/strong> est inspir\u00e9e de More\u0161ka.<\/p>\n<p>Elle est compos\u00e9e de la s\u00e9rie originale de bracelets argent\u00e9s, orn\u00e9s de cristaux et de motifs caract\u00e9ristique de la couronne, une r\u00e9miniscence des <em>fers<\/em> par les quels Bula \u00e9tait encha\u00een\u00e9e.<\/p>\n<p>Les bracelets <em>Bula<\/em> sont plaqu\u00e9s argent 925, nous vous recommandons de ne pas les exposer aux d\u00e9tergents puissants ni \u00e0 l\u2019eau de mer.<\/p>\n<p>Un cinqui\u00e8me des recettes de la vente de tous les produits<em> Made of: More\u0161ka<\/em>, est revers\u00e9 aux associations culturelles de la ville de Kor\u010dula qui cultivent et pratiquent More\u0161ka.<\/p>\n","protected":false},"featured_media":392,"comment_status":"open","ping_status":"closed","template":"","meta":[],"product_brand":[],"product_cat":[73,28,29],"product_tag":[],"class_list":{"0":"post-495","1":"product","2":"type-product","3":"status-publish","4":"has-post-thumbnail","6":"product_cat-bijoux","7":"product_cat-bracelets","8":"product_cat-bula-fr","10":"first","11":"instock","12":"shipping-taxable","13":"purchasable","14":"product-type-simple"},"yoast_head":"<!-- This site is optimized with the Yoast SEO plugin v27.4 - https:\/\/yoast.com\/product\/yoast-seo-wordpress\/ -->\n<title>Bula bracelet, bleu - MADE OF MORE&Scaron;KA<\/title>\n<meta name=\"robots\" content=\"index, follow, max-snippet:-1, max-image-preview:large, max-video-preview:-1\" \/>\n<link rel=\"canonical\" href=\"https:\/\/madeofmoreska.com\/fr\/shop\/bula-bracelet-bleu\/\" \/>\n<meta property=\"og:locale\" content=\"fr_FR\" \/>\n<meta property=\"og:type\" content=\"article\" \/>\n<meta property=\"og:title\" content=\"Bula bracelet, bleu - MADE OF MORE&Scaron;KA\" \/>\n<meta property=\"og:description\" content=\"La collection exclusive de bijoux Bula est inspir\u00e9e de More\u0161ka.  Elle est compos\u00e9e de la s\u00e9rie originale de bracelets argent\u00e9s, orn\u00e9s de cristaux et de motifs caract\u00e9ristique de la couronne, une r\u00e9miniscence des fers par les quels Bula \u00e9tait encha\u00een\u00e9e.  Les bracelets Bula sont plaqu\u00e9s argent 925, nous vous recommandons de ne pas les exposer aux d\u00e9tergents puissants ni \u00e0 l\u2019eau de mer.  Un cinqui\u00e8me des recettes de la vente de tous les produits Made of: More\u0161ka, est revers\u00e9 aux associations culturelles de la ville de Kor\u010dula qui cultivent et pratiquent More\u0161ka.\" \/>\n<meta property=\"og:url\" content=\"https:\/\/madeofmoreska.com\/fr\/shop\/bula-bracelet-bleu\/\" \/>\n<meta property=\"og:site_name\" content=\"MADE OF MORE&Scaron;KA\" \/>\n<meta property=\"article:publisher\" content=\"https:\/\/www.facebook.com\/madeofmoreska\/\" \/>\n<meta property=\"article:modified_time\" content=\"2017-06-22T19:19:31+00:00\" \/>\n<meta property=\"og:image\" content=\"https:\/\/madeofmoreska.com\/wp-content\/uploads\/2017\/06\/19191159_10210852892092992_1398080843_n.jpg\" \/>\n\t<meta property=\"og:image:width\" content=\"800\" \/>\n\t<meta property=\"og:image:height\" content=\"800\" \/>\n\t<meta property=\"og:image:type\" content=\"image\/jpeg\" \/>\n<meta name=\"twitter:card\" content=\"summary_large_image\" \/>\n<meta name=\"twitter:site\" content=\"@moreskamade\" \/>\n<script type=\"application\/ld+json\" class=\"yoast-schema-graph\">{\"@context\":\"https:\\\/\\\/schema.org\",\"@graph\":[{\"@type\":\"WebPage\",\"@id\":\"https:\\\/\\\/madeofmoreska.com\\\/fr\\\/shop\\\/bula-bracelet-bleu\\\/\",\"url\":\"https:\\\/\\\/madeofmoreska.com\\\/fr\\\/shop\\\/bula-bracelet-bleu\\\/\",\"name\":\"Bula bracelet, bleu - MADE OF MORE&Scaron;KA\",\"isPartOf\":{\"@id\":\"https:\\\/\\\/madeofmoreska.com\\\/#website\"},\"primaryImageOfPage\":{\"@id\":\"https:\\\/\\\/madeofmoreska.com\\\/fr\\\/shop\\\/bula-bracelet-bleu\\\/#primaryimage\"},\"image\":{\"@id\":\"https:\\\/\\\/madeofmoreska.com\\\/fr\\\/shop\\\/bula-bracelet-bleu\\\/#primaryimage\"},\"thumbnailUrl\":\"https:\\\/\\\/madeofmoreska.com\\\/wp-content\\\/uploads\\\/2017\\\/06\\\/19191159_10210852892092992_1398080843_n.jpg\",\"datePublished\":\"2017-06-16T10:29:05+00:00\",\"dateModified\":\"2017-06-22T19:19:31+00:00\",\"breadcrumb\":{\"@id\":\"https:\\\/\\\/madeofmoreska.com\\\/fr\\\/shop\\\/bula-bracelet-bleu\\\/#breadcrumb\"},\"inLanguage\":\"fr-FR\",\"potentialAction\":[{\"@type\":\"ReadAction\",\"target\":[\"https:\\\/\\\/madeofmoreska.com\\\/fr\\\/shop\\\/bula-bracelet-bleu\\\/\"]}]},{\"@type\":\"ImageObject\",\"inLanguage\":\"fr-FR\",\"@id\":\"https:\\\/\\\/madeofmoreska.com\\\/fr\\\/shop\\\/bula-bracelet-bleu\\\/#primaryimage\",\"url\":\"https:\\\/\\\/madeofmoreska.com\\\/wp-content\\\/uploads\\\/2017\\\/06\\\/19191159_10210852892092992_1398080843_n.jpg\",\"contentUrl\":\"https:\\\/\\\/madeofmoreska.com\\\/wp-content\\\/uploads\\\/2017\\\/06\\\/19191159_10210852892092992_1398080843_n.jpg\",\"width\":800,\"height\":800},{\"@type\":\"BreadcrumbList\",\"@id\":\"https:\\\/\\\/madeofmoreska.com\\\/fr\\\/shop\\\/bula-bracelet-bleu\\\/#breadcrumb\",\"itemListElement\":[{\"@type\":\"ListItem\",\"position\":1,\"name\":\"Home\",\"item\":\"https:\\\/\\\/madeofmoreska.com\\\/fr\\\/\"},{\"@type\":\"ListItem\",\"position\":2,\"name\":\"La Boutique\",\"item\":\"https:\\\/\\\/madeofmoreska.com\\\/fr\\\/boutique\\\/\"},{\"@type\":\"ListItem\",\"position\":3,\"name\":\"Bula bracelet, bleu\"}]},{\"@type\":\"WebSite\",\"@id\":\"https:\\\/\\\/madeofmoreska.com\\\/#website\",\"url\":\"https:\\\/\\\/madeofmoreska.com\\\/\",\"name\":\"MADE OF MORE&Scaron;KA\",\"description\":\"\",\"publisher\":{\"@id\":\"https:\\\/\\\/madeofmoreska.com\\\/#organization\"},\"potentialAction\":[{\"@type\":\"SearchAction\",\"target\":{\"@type\":\"EntryPoint\",\"urlTemplate\":\"https:\\\/\\\/madeofmoreska.com\\\/?s={search_term_string}\"},\"query-input\":{\"@type\":\"PropertyValueSpecification\",\"valueRequired\":true,\"valueName\":\"search_term_string\"}}],\"inLanguage\":\"fr-FR\"},{\"@type\":\"Organization\",\"@id\":\"https:\\\/\\\/madeofmoreska.com\\\/#organization\",\"name\":\"MADE OF MORE&Scaron;KA\",\"url\":\"https:\\\/\\\/madeofmoreska.com\\\/\",\"logo\":{\"@type\":\"ImageObject\",\"inLanguage\":\"fr-FR\",\"@id\":\"https:\\\/\\\/madeofmoreska.com\\\/#\\\/schema\\\/logo\\\/image\\\/\",\"url\":\"https:\\\/\\\/madeofmoreska.com\\\/wp-content\\\/uploads\\\/logo-header_transparent.png\",\"contentUrl\":\"https:\\\/\\\/madeofmoreska.com\\\/wp-content\\\/uploads\\\/logo-header_transparent.png\",\"width\":452,\"height\":125,\"caption\":\"MADE OF MORE&Scaron;KA\"},\"image\":{\"@id\":\"https:\\\/\\\/madeofmoreska.com\\\/#\\\/schema\\\/logo\\\/image\\\/\"},\"sameAs\":[\"https:\\\/\\\/www.facebook.com\\\/madeofmoreska\\\/\",\"https:\\\/\\\/x.com\\\/moreskamade\"]}]}<\/script>\n<!-- \/ Yoast SEO plugin. -->","yoast_head_json":{"title":"Bula bracelet, bleu - MADE OF MORE&Scaron;KA","robots":{"index":"index","follow":"follow","max-snippet":"max-snippet:-1","max-image-preview":"max-image-preview:large","max-video-preview":"max-video-preview:-1"},"canonical":"https:\/\/madeofmoreska.com\/fr\/shop\/bula-bracelet-bleu\/","og_locale":"fr_FR","og_type":"article","og_title":"Bula bracelet, bleu - MADE OF MORE&Scaron;KA","og_description":"La collection exclusive de bijoux Bula est inspir\u00e9e de More\u0161ka.  Elle est compos\u00e9e de la s\u00e9rie originale de bracelets argent\u00e9s, orn\u00e9s de cristaux et de motifs caract\u00e9ristique de la couronne, une r\u00e9miniscence des fers par les quels Bula \u00e9tait encha\u00een\u00e9e.  Les bracelets Bula sont plaqu\u00e9s argent 925, nous vous recommandons de ne pas les exposer aux d\u00e9tergents puissants ni \u00e0 l\u2019eau de mer.  Un cinqui\u00e8me des recettes de la vente de tous les produits Made of: More\u0161ka, est revers\u00e9 aux associations culturelles de la ville de Kor\u010dula qui cultivent et pratiquent More\u0161ka.","og_url":"https:\/\/madeofmoreska.com\/fr\/shop\/bula-bracelet-bleu\/","og_site_name":"MADE OF MORE&Scaron;KA","article_publisher":"https:\/\/www.facebook.com\/madeofmoreska\/","article_modified_time":"2017-06-22T19:19:31+00:00","og_image":[{"width":800,"height":800,"url":"https:\/\/madeofmoreska.com\/wp-content\/uploads\/2017\/06\/19191159_10210852892092992_1398080843_n.jpg","type":"image\/jpeg"}],"twitter_card":"summary_large_image","twitter_site":"@moreskamade","schema":{"@context":"https:\/\/schema.org","@graph":[{"@type":"WebPage","@id":"https:\/\/madeofmoreska.com\/fr\/shop\/bula-bracelet-bleu\/","url":"https:\/\/madeofmoreska.com\/fr\/shop\/bula-bracelet-bleu\/","name":"Bula bracelet, bleu - MADE OF MORE&Scaron;KA","isPartOf":{"@id":"https:\/\/madeofmoreska.com\/#website"},"primaryImageOfPage":{"@id":"https:\/\/madeofmoreska.com\/fr\/shop\/bula-bracelet-bleu\/#primaryimage"},"image":{"@id":"https:\/\/madeofmoreska.com\/fr\/shop\/bula-bracelet-bleu\/#primaryimage"},"thumbnailUrl":"https:\/\/madeofmoreska.com\/wp-content\/uploads\/2017\/06\/19191159_10210852892092992_1398080843_n.jpg","datePublished":"2017-06-16T10:29:05+00:00","dateModified":"2017-06-22T19:19:31+00:00","breadcrumb":{"@id":"https:\/\/madeofmoreska.com\/fr\/shop\/bula-bracelet-bleu\/#breadcrumb"},"inLanguage":"fr-FR","potentialAction":[{"@type":"ReadAction","target":["https:\/\/madeofmoreska.com\/fr\/shop\/bula-bracelet-bleu\/"]}]},{"@type":"ImageObject","inLanguage":"fr-FR","@id":"https:\/\/madeofmoreska.com\/fr\/shop\/bula-bracelet-bleu\/#primaryimage","url":"https:\/\/madeofmoreska.com\/wp-content\/uploads\/2017\/06\/19191159_10210852892092992_1398080843_n.jpg","contentUrl":"https:\/\/madeofmoreska.com\/wp-content\/uploads\/2017\/06\/19191159_10210852892092992_1398080843_n.jpg","width":800,"height":800},{"@type":"BreadcrumbList","@id":"https:\/\/madeofmoreska.com\/fr\/shop\/bula-bracelet-bleu\/#breadcrumb","itemListElement":[{"@type":"ListItem","position":1,"name":"Home","item":"https:\/\/madeofmoreska.com\/fr\/"},{"@type":"ListItem","position":2,"name":"La Boutique","item":"https:\/\/madeofmoreska.com\/fr\/boutique\/"},{"@type":"ListItem","position":3,"name":"Bula bracelet, bleu"}]},{"@type":"WebSite","@id":"https:\/\/madeofmoreska.com\/#website","url":"https:\/\/madeofmoreska.com\/","name":"MADE OF MORE&Scaron;KA","description":"","publisher":{"@id":"https:\/\/madeofmoreska.com\/#organization"},"potentialAction":[{"@type":"SearchAction","target":{"@type":"EntryPoint","urlTemplate":"https:\/\/madeofmoreska.com\/?s={search_term_string}"},"query-input":{"@type":"PropertyValueSpecification","valueRequired":true,"valueName":"search_term_string"}}],"inLanguage":"fr-FR"},{"@type":"Organization","@id":"https:\/\/madeofmoreska.com\/#organization","name":"MADE OF MORE&Scaron;KA","url":"https:\/\/madeofmoreska.com\/","logo":{"@type":"ImageObject","inLanguage":"fr-FR","@id":"https:\/\/madeofmoreska.com\/#\/schema\/logo\/image\/","url":"https:\/\/madeofmoreska.com\/wp-content\/uploads\/logo-header_transparent.png","contentUrl":"https:\/\/madeofmoreska.com\/wp-content\/uploads\/logo-header_transparent.png","width":452,"height":125,"caption":"MADE OF MORE&Scaron;KA"},"image":{"@id":"https:\/\/madeofmoreska.com\/#\/schema\/logo\/image\/"},"sameAs":["https:\/\/www.facebook.com\/madeofmoreska\/","https:\/\/x.com\/moreskamade"]}]}},"_links":{"self":[{"href":"https:\/\/madeofmoreska.com\/fr\/wp-json\/wp\/v2\/product\/495","targetHints":{"allow":["GET"]}}],"collection":[{"href":"https:\/\/madeofmoreska.com\/fr\/wp-json\/wp\/v2\/product"}],"about":[{"href":"https:\/\/madeofmoreska.com\/fr\/wp-json\/wp\/v2\/types\/product"}],"replies":[{"embeddable":true,"href":"https:\/\/madeofmoreska.com\/fr\/wp-json\/wp\/v2\/comments?post=495"}],"wp:featuredmedia":[{"embeddable":true,"href":"https:\/\/madeofmoreska.com\/fr\/wp-json\/wp\/v2\/media\/392"}],"wp:attachment":[{"href":"https:\/\/madeofmoreska.com\/fr\/wp-json\/wp\/v2\/media?parent=495"}],"wp:term":[{"taxonomy":"product_brand","embeddable":true,"href":"https:\/\/madeofmoreska.com\/fr\/wp-json\/wp\/v2\/product_brand?post=495"},{"taxonomy":"product_cat","embeddable":true,"href":"https:\/\/madeofmoreska.com\/fr\/wp-json\/wp\/v2\/product_cat?post=495"},{"taxonomy":"product_tag","embeddable":true,"href":"https:\/\/madeofmoreska.com\/fr\/wp-json\/wp\/v2\/product_tag?post=495"}],"curies":[{"name":"wp","href":"https:\/\/api.w.org\/{rel}","templated":true}]}}