{"id":477,"date":"2017-06-21T18:40:27","date_gmt":"2017-06-21T16:40:27","guid":{"rendered":"https:\/\/madeofmoreska.com\/?page_id=477\/"},"modified":"2017-06-24T15:17:11","modified_gmt":"2017-06-24T13:17:11","slug":"le-concept","status":"publish","type":"page","link":"https:\/\/madeofmoreska.com\/fr\/le-concept\/","title":{"rendered":"Le Concept"},"content":{"rendered":"<p><strong>More<\/strong><strong>\u0161<\/strong><strong>ka<\/strong> est une danse d\u2019escrime chevaleresque avec des \u00e9l\u00e9ments dramatiques qui se pratiquait jadis \u00e0 travers toute la M\u00e9diterran\u00e9e, mais que vous pouvez aujourd\u2019hui voir uniquement dans la ville de <strong>Kor<\/strong><strong>\u010d<\/strong><strong>ula<\/strong>, o\u00f9, d\u2019apr\u00e8s les documents historiques, elle est jou\u00e9e depuis 1<strong>666. <\/strong><\/p>\n<p>L\u2019intrigue en est fond\u00e9e sur un r\u00e9cit semblable \u00e0 celui de la guerre de Troie, sauf qu\u2019ici les protagonistes principaux sont nomm\u00e9s <strong>Osman<\/strong>, <strong>Moro<\/strong> et <strong>Bula<\/strong>, ce qui fait de More\u0161ka le monument vivant de l\u2019histoire mouvement\u00e9e de la M\u00e9diterran\u00e9e et de son esprit cosmopolite.<\/p>\n<p>Aujourd\u2019hui, More\u0161ka a le statut de <strong>patrimoine culturel prot<\/strong><strong>\u00e9<\/strong><strong>g<\/strong><strong>\u00e9<\/strong>, comme d\u2019ailleurs la ville de Kor\u010dula qui l\u2019a sauvegard\u00e9e, et est devenue au cours des <strong>350 ann<\/strong><strong>\u00e9<\/strong><strong>es<\/strong> pass\u00e9es un \u00e9l\u00e9ment incontournable de l\u2019identit\u00e9 de la ville, son lien intrins\u00e8que ainsi que son symbole.<\/p>\n<p>En effet, il n\u2019y a quasiment pas de famille dans la ville de Kor\u010dula dont au moins un membre n\u2019ait prit part \u00e0 More\u0161ka, comme en t\u00e9moigne <a href=\"https:\/\/madeofmoreska.com\/fr\/la-carte-des-moreskants\"><strong>la carte historique g<\/strong><strong>\u00e9<\/strong><strong>o-localis<\/strong><strong>\u00e9<\/strong><strong>e<\/strong><\/a> des More\u0161kants selon leur lieu d\u2019habitation et leur r\u00f4le dans More\u0161ka.<\/p>\n<p>D\u2019ailleurs, la ville enti\u00e8re ne ressemble-t-elle pas a un More\u0161kant?<\/p>\n<p><img loading=\"lazy\" decoding=\"async\" class=\"alignnone size-full wp-image-213\" src=\"https:\/\/madeofmoreska.com\/wp-content\/uploads\/mapa.jpg\" alt=\"\" width=\"1024\" height=\"522\" srcset=\"https:\/\/madeofmoreska.com\/wp-content\/uploads\/mapa.jpg 1024w, https:\/\/madeofmoreska.com\/wp-content\/uploads\/mapa-555x283.jpg 555w, https:\/\/madeofmoreska.com\/wp-content\/uploads\/mapa-300x153.jpg 300w, https:\/\/madeofmoreska.com\/wp-content\/uploads\/mapa-768x392.jpg 768w\" sizes=\"auto, (max-width: 1024px) 100vw, 1024px\" \/><\/p>\n<p>&nbsp;<\/p>\n<p><strong>Made of: More\u0161ka<\/strong> est un projet artistique qui r\u00e9interpr\u00e9te l\u2019identit\u00e9 et l\u2019h\u00e9ritage de la ville de Kor\u010dula<\/p>\n<p>Un cinqui\u00e8me des recettes de la vente de tous les produits <em>Made of: More<\/em><em>\u0161<\/em><em>ka<\/em>, est revers\u00e9 aux associations culturelles de la ville de Kor\u010dula qui cultivent et pratiquent More\u0161ka.<\/p>\n","protected":false},"excerpt":{"rendered":"<p>More\u0161ka est une danse d\u2019escrime chevaleresque avec des \u00e9l\u00e9ments dramatiques qui se pratiquait jadis \u00e0 travers toute la M\u00e9diterran\u00e9e, mais que vous pouvez aujourd\u2019hui voir uniquement dans la ville de Kor\u010dula, o\u00f9, d\u2019apr\u00e8s les documents historiques, elle est jou\u00e9e depuis 1666. L\u2019intrigue en est fond\u00e9e sur un r\u00e9cit semblable \u00e0 celui de la guerre de [&hellip;]<\/p>\n","protected":false},"author":1,"featured_media":396,"parent":0,"menu_order":0,"comment_status":"closed","ping_status":"closed","template":"template-sredina.php","meta":{"footnotes":""},"class_list":["post-477","page","type-page","status-publish","has-post-thumbnail","hentry"],"yoast_head":"<!-- This site is optimized with the Yoast SEO plugin v27.5 - https:\/\/yoast.com\/product\/yoast-seo-wordpress\/ -->\n<title>Le Concept - MADE OF MORE&Scaron;KA<\/title>\n<meta name=\"description\" content=\"More\u0161ka est une danse d\u2019escrime chevaleresque avec des \u00e9l\u00e9ments dramatiques qui se pratiquait jadis \u00e0 travers toute la M\u00e9diterran\u00e9e, mais que vous pouvez aujourd\u2019hui voir uniquement dans la ville de Kor\u010dula\" \/>\n<meta name=\"robots\" content=\"index, follow, max-snippet:-1, max-image-preview:large, max-video-preview:-1\" \/>\n<link rel=\"canonical\" href=\"https:\/\/madeofmoreska.com\/fr\/le-concept\/\" \/>\n<meta property=\"og:locale\" content=\"fr_FR\" \/>\n<meta property=\"og:type\" content=\"article\" \/>\n<meta property=\"og:title\" content=\"Le Concept - MADE OF MORE&Scaron;KA\" \/>\n<meta property=\"og:description\" content=\"More\u0161ka est une danse d\u2019escrime chevaleresque avec des \u00e9l\u00e9ments dramatiques qui se pratiquait jadis \u00e0 travers toute la M\u00e9diterran\u00e9e, mais que vous pouvez aujourd\u2019hui voir uniquement dans la ville de Kor\u010dula\" \/>\n<meta property=\"og:url\" content=\"https:\/\/madeofmoreska.com\/fr\/le-concept\/\" \/>\n<meta property=\"og:site_name\" content=\"MADE OF MORE&Scaron;KA\" \/>\n<meta property=\"article:publisher\" content=\"https:\/\/www.facebook.com\/madeofmoreska\/\" \/>\n<meta property=\"article:modified_time\" content=\"2017-06-24T13:17:11+00:00\" \/>\n<meta property=\"og:image\" content=\"https:\/\/madeofmoreska.com\/wp-content\/uploads\/mapa.jpg\" \/>\n\t<meta property=\"og:image:width\" content=\"1024\" \/>\n\t<meta property=\"og:image:height\" content=\"522\" \/>\n\t<meta property=\"og:image:type\" content=\"image\/jpeg\" \/>\n<meta name=\"twitter:card\" content=\"summary_large_image\" \/>\n<meta name=\"twitter:site\" content=\"@moreskamade\" \/>\n<meta name=\"twitter:label1\" content=\"Dur\u00e9e de lecture estim\u00e9e\" \/>\n\t<meta name=\"twitter:data1\" content=\"1 minute\" \/>\n<script type=\"application\/ld+json\" class=\"yoast-schema-graph\">{\"@context\":\"https:\\\/\\\/schema.org\",\"@graph\":[{\"@type\":\"WebPage\",\"@id\":\"https:\\\/\\\/madeofmoreska.com\\\/fr\\\/le-concept\\\/\",\"url\":\"https:\\\/\\\/madeofmoreska.com\\\/fr\\\/le-concept\\\/\",\"name\":\"Le Concept - MADE OF MORE&Scaron;KA\",\"isPartOf\":{\"@id\":\"https:\\\/\\\/madeofmoreska.com\\\/#website\"},\"primaryImageOfPage\":{\"@id\":\"https:\\\/\\\/madeofmoreska.com\\\/fr\\\/le-concept\\\/#primaryimage\"},\"image\":{\"@id\":\"https:\\\/\\\/madeofmoreska.com\\\/fr\\\/le-concept\\\/#primaryimage\"},\"thumbnailUrl\":\"https:\\\/\\\/madeofmoreska.com\\\/wp-content\\\/uploads\\\/mapa.jpg\",\"datePublished\":\"2017-06-21T16:40:27+00:00\",\"dateModified\":\"2017-06-24T13:17:11+00:00\",\"description\":\"More\u0161ka est une danse d\u2019escrime chevaleresque avec des \u00e9l\u00e9ments dramatiques qui se pratiquait jadis \u00e0 travers toute la M\u00e9diterran\u00e9e, mais que vous pouvez aujourd\u2019hui voir uniquement dans la ville de Kor\u010dula\",\"breadcrumb\":{\"@id\":\"https:\\\/\\\/madeofmoreska.com\\\/fr\\\/le-concept\\\/#breadcrumb\"},\"inLanguage\":\"fr-FR\",\"potentialAction\":[{\"@type\":\"ReadAction\",\"target\":[\"https:\\\/\\\/madeofmoreska.com\\\/fr\\\/le-concept\\\/\"]}]},{\"@type\":\"ImageObject\",\"inLanguage\":\"fr-FR\",\"@id\":\"https:\\\/\\\/madeofmoreska.com\\\/fr\\\/le-concept\\\/#primaryimage\",\"url\":\"https:\\\/\\\/madeofmoreska.com\\\/wp-content\\\/uploads\\\/mapa.jpg\",\"contentUrl\":\"https:\\\/\\\/madeofmoreska.com\\\/wp-content\\\/uploads\\\/mapa.jpg\",\"width\":1024,\"height\":522},{\"@type\":\"BreadcrumbList\",\"@id\":\"https:\\\/\\\/madeofmoreska.com\\\/fr\\\/le-concept\\\/#breadcrumb\",\"itemListElement\":[{\"@type\":\"ListItem\",\"position\":1,\"name\":\"Home\",\"item\":\"https:\\\/\\\/madeofmoreska.com\\\/fr\\\/\"},{\"@type\":\"ListItem\",\"position\":2,\"name\":\"Le Concept\"}]},{\"@type\":\"WebSite\",\"@id\":\"https:\\\/\\\/madeofmoreska.com\\\/#website\",\"url\":\"https:\\\/\\\/madeofmoreska.com\\\/\",\"name\":\"MADE OF MORE&Scaron;KA\",\"description\":\"\",\"publisher\":{\"@id\":\"https:\\\/\\\/madeofmoreska.com\\\/#organization\"},\"potentialAction\":[{\"@type\":\"SearchAction\",\"target\":{\"@type\":\"EntryPoint\",\"urlTemplate\":\"https:\\\/\\\/madeofmoreska.com\\\/?s={search_term_string}\"},\"query-input\":{\"@type\":\"PropertyValueSpecification\",\"valueRequired\":true,\"valueName\":\"search_term_string\"}}],\"inLanguage\":\"fr-FR\"},{\"@type\":\"Organization\",\"@id\":\"https:\\\/\\\/madeofmoreska.com\\\/#organization\",\"name\":\"MADE OF MORE&Scaron;KA\",\"url\":\"https:\\\/\\\/madeofmoreska.com\\\/\",\"logo\":{\"@type\":\"ImageObject\",\"inLanguage\":\"fr-FR\",\"@id\":\"https:\\\/\\\/madeofmoreska.com\\\/#\\\/schema\\\/logo\\\/image\\\/\",\"url\":\"https:\\\/\\\/madeofmoreska.com\\\/wp-content\\\/uploads\\\/logo-header_transparent.png\",\"contentUrl\":\"https:\\\/\\\/madeofmoreska.com\\\/wp-content\\\/uploads\\\/logo-header_transparent.png\",\"width\":452,\"height\":125,\"caption\":\"MADE OF MORE&Scaron;KA\"},\"image\":{\"@id\":\"https:\\\/\\\/madeofmoreska.com\\\/#\\\/schema\\\/logo\\\/image\\\/\"},\"sameAs\":[\"https:\\\/\\\/www.facebook.com\\\/madeofmoreska\\\/\",\"https:\\\/\\\/x.com\\\/moreskamade\"]}]}<\/script>\n<!-- \/ Yoast SEO plugin. -->","yoast_head_json":{"title":"Le Concept - MADE OF MORE&Scaron;KA","description":"More\u0161ka est une danse d\u2019escrime chevaleresque avec des \u00e9l\u00e9ments dramatiques qui se pratiquait jadis \u00e0 travers toute la M\u00e9diterran\u00e9e, mais que vous pouvez aujourd\u2019hui voir uniquement dans la ville de Kor\u010dula","robots":{"index":"index","follow":"follow","max-snippet":"max-snippet:-1","max-image-preview":"max-image-preview:large","max-video-preview":"max-video-preview:-1"},"canonical":"https:\/\/madeofmoreska.com\/fr\/le-concept\/","og_locale":"fr_FR","og_type":"article","og_title":"Le Concept - MADE OF MORE&Scaron;KA","og_description":"More\u0161ka est une danse d\u2019escrime chevaleresque avec des \u00e9l\u00e9ments dramatiques qui se pratiquait jadis \u00e0 travers toute la M\u00e9diterran\u00e9e, mais que vous pouvez aujourd\u2019hui voir uniquement dans la ville de Kor\u010dula","og_url":"https:\/\/madeofmoreska.com\/fr\/le-concept\/","og_site_name":"MADE OF MORE&Scaron;KA","article_publisher":"https:\/\/www.facebook.com\/madeofmoreska\/","article_modified_time":"2017-06-24T13:17:11+00:00","og_image":[{"width":1024,"height":522,"url":"https:\/\/madeofmoreska.com\/wp-content\/uploads\/mapa.jpg","type":"image\/jpeg"}],"twitter_card":"summary_large_image","twitter_site":"@moreskamade","twitter_misc":{"Dur\u00e9e de lecture estim\u00e9e":"1 minute"},"schema":{"@context":"https:\/\/schema.org","@graph":[{"@type":"WebPage","@id":"https:\/\/madeofmoreska.com\/fr\/le-concept\/","url":"https:\/\/madeofmoreska.com\/fr\/le-concept\/","name":"Le Concept - MADE OF MORE&Scaron;KA","isPartOf":{"@id":"https:\/\/madeofmoreska.com\/#website"},"primaryImageOfPage":{"@id":"https:\/\/madeofmoreska.com\/fr\/le-concept\/#primaryimage"},"image":{"@id":"https:\/\/madeofmoreska.com\/fr\/le-concept\/#primaryimage"},"thumbnailUrl":"https:\/\/madeofmoreska.com\/wp-content\/uploads\/mapa.jpg","datePublished":"2017-06-21T16:40:27+00:00","dateModified":"2017-06-24T13:17:11+00:00","description":"More\u0161ka est une danse d\u2019escrime chevaleresque avec des \u00e9l\u00e9ments dramatiques qui se pratiquait jadis \u00e0 travers toute la M\u00e9diterran\u00e9e, mais que vous pouvez aujourd\u2019hui voir uniquement dans la ville de Kor\u010dula","breadcrumb":{"@id":"https:\/\/madeofmoreska.com\/fr\/le-concept\/#breadcrumb"},"inLanguage":"fr-FR","potentialAction":[{"@type":"ReadAction","target":["https:\/\/madeofmoreska.com\/fr\/le-concept\/"]}]},{"@type":"ImageObject","inLanguage":"fr-FR","@id":"https:\/\/madeofmoreska.com\/fr\/le-concept\/#primaryimage","url":"https:\/\/madeofmoreska.com\/wp-content\/uploads\/mapa.jpg","contentUrl":"https:\/\/madeofmoreska.com\/wp-content\/uploads\/mapa.jpg","width":1024,"height":522},{"@type":"BreadcrumbList","@id":"https:\/\/madeofmoreska.com\/fr\/le-concept\/#breadcrumb","itemListElement":[{"@type":"ListItem","position":1,"name":"Home","item":"https:\/\/madeofmoreska.com\/fr\/"},{"@type":"ListItem","position":2,"name":"Le Concept"}]},{"@type":"WebSite","@id":"https:\/\/madeofmoreska.com\/#website","url":"https:\/\/madeofmoreska.com\/","name":"MADE OF MORE&Scaron;KA","description":"","publisher":{"@id":"https:\/\/madeofmoreska.com\/#organization"},"potentialAction":[{"@type":"SearchAction","target":{"@type":"EntryPoint","urlTemplate":"https:\/\/madeofmoreska.com\/?s={search_term_string}"},"query-input":{"@type":"PropertyValueSpecification","valueRequired":true,"valueName":"search_term_string"}}],"inLanguage":"fr-FR"},{"@type":"Organization","@id":"https:\/\/madeofmoreska.com\/#organization","name":"MADE OF MORE&Scaron;KA","url":"https:\/\/madeofmoreska.com\/","logo":{"@type":"ImageObject","inLanguage":"fr-FR","@id":"https:\/\/madeofmoreska.com\/#\/schema\/logo\/image\/","url":"https:\/\/madeofmoreska.com\/wp-content\/uploads\/logo-header_transparent.png","contentUrl":"https:\/\/madeofmoreska.com\/wp-content\/uploads\/logo-header_transparent.png","width":452,"height":125,"caption":"MADE OF MORE&Scaron;KA"},"image":{"@id":"https:\/\/madeofmoreska.com\/#\/schema\/logo\/image\/"},"sameAs":["https:\/\/www.facebook.com\/madeofmoreska\/","https:\/\/x.com\/moreskamade"]}]}},"_links":{"self":[{"href":"https:\/\/madeofmoreska.com\/fr\/wp-json\/wp\/v2\/pages\/477","targetHints":{"allow":["GET"]}}],"collection":[{"href":"https:\/\/madeofmoreska.com\/fr\/wp-json\/wp\/v2\/pages"}],"about":[{"href":"https:\/\/madeofmoreska.com\/fr\/wp-json\/wp\/v2\/types\/page"}],"author":[{"embeddable":true,"href":"https:\/\/madeofmoreska.com\/fr\/wp-json\/wp\/v2\/users\/1"}],"replies":[{"embeddable":true,"href":"https:\/\/madeofmoreska.com\/fr\/wp-json\/wp\/v2\/comments?post=477"}],"version-history":[{"count":7,"href":"https:\/\/madeofmoreska.com\/fr\/wp-json\/wp\/v2\/pages\/477\/revisions"}],"predecessor-version":[{"id":585,"href":"https:\/\/madeofmoreska.com\/fr\/wp-json\/wp\/v2\/pages\/477\/revisions\/585"}],"wp:featuredmedia":[{"embeddable":true,"href":"https:\/\/madeofmoreska.com\/fr\/wp-json\/wp\/v2\/media\/396"}],"wp:attachment":[{"href":"https:\/\/madeofmoreska.com\/fr\/wp-json\/wp\/v2\/media?parent=477"}],"curies":[{"name":"wp","href":"https:\/\/api.w.org\/{rel}","templated":true}]}}