{"id":525,"date":"2017-06-21T22:36:36","date_gmt":"2017-06-21T20:36:36","guid":{"rendered":"https:\/\/madeofmoreska.com\/shop\/skula-rokovnik-crveni\/"},"modified":"2017-09-23T16:27:46","modified_gmt":"2017-09-23T14:27:46","slug":"skula-notebook-red","status":"publish","type":"product","link":"https:\/\/madeofmoreska.com\/en\/shop\/skula-notebook-red\/","title":{"rendered":"Sk\u0215la notebook, red"},"content":{"rendered":"<p><br data-mce-bogus=\"1\"><\/p>\n","protected":false},"excerpt":{"rendered":"<div class=\"woocommerce-product-details__short-description\">\n<p><em>Sk\u0215la<\/em> is Kor\u010dula\u2019s word for school. A collection of planners, diaries and notebooks &#8211; <em>Sk\u0215la<\/em> is not just for the school, but for all those occasions when you want to write something down and keep it from oblivion. Just like Kor\u010dula did with More\u0161ka.<\/p>\n<p>One fifth of all <em>Made of: More\u0161ka<\/em> proceedings are donated to the local organizations that preserve More\u0161ka.<\/p>\n<\/div>\n","protected":false},"featured_media":726,"comment_status":"open","ping_status":"closed","template":"","meta":[],"product_brand":[],"product_cat":[62,34,35],"product_tag":[],"class_list":{"0":"post-525","1":"product","2":"type-product","3":"status-publish","4":"has-post-thumbnail","6":"product_cat-new","7":"product_cat-notebooks","8":"product_cat-skula-en","10":"first","11":"instock","12":"shipping-taxable","13":"purchasable","14":"product-type-simple"},"yoast_head":"<!-- This site is optimized with the Yoast SEO plugin v27.5 - https:\/\/yoast.com\/product\/yoast-seo-wordpress\/ -->\n<title>Sk\u0215la notebook, red - MADE OF MORE&Scaron;KA<\/title>\n<meta name=\"robots\" content=\"index, follow, max-snippet:-1, max-image-preview:large, max-video-preview:-1\" \/>\n<link rel=\"canonical\" href=\"https:\/\/madeofmoreska.com\/en\/shop\/skula-notebook-red\/\" \/>\n<meta property=\"og:locale\" content=\"en_US\" \/>\n<meta property=\"og:type\" content=\"article\" \/>\n<meta property=\"og:title\" content=\"Sk\u0215la notebook, red - MADE OF MORE&Scaron;KA\" \/>\n<meta property=\"og:description\" content=\"Sk\u0215la is Kor\u010dula\u2019s word for school. A collection of planners, diaries and notebooks - Sk\u0215la is not just for the school, but for all those occasions when you want to write something down and keep it from oblivion. Just like Kor\u010dula did with More\u0161ka.One fifth of all Made of: More\u0161ka proceedings are donated to the local organizations that preserve More\u0161ka.\" \/>\n<meta property=\"og:url\" content=\"https:\/\/madeofmoreska.com\/en\/shop\/skula-notebook-red\/\" \/>\n<meta property=\"og:site_name\" content=\"MADE OF MORE&Scaron;KA\" \/>\n<meta property=\"article:publisher\" content=\"https:\/\/www.facebook.com\/madeofmoreska\/\" \/>\n<meta property=\"article:modified_time\" content=\"2017-09-23T14:27:46+00:00\" \/>\n<meta property=\"og:image\" content=\"https:\/\/madeofmoreska.com\/wp-content\/uploads\/crveni_s_crvenom.jpg\" \/>\n\t<meta property=\"og:image:width\" content=\"3259\" \/>\n\t<meta property=\"og:image:height\" content=\"2422\" \/>\n\t<meta property=\"og:image:type\" content=\"image\/jpeg\" \/>\n<meta name=\"twitter:card\" content=\"summary_large_image\" \/>\n<meta name=\"twitter:site\" content=\"@moreskamade\" \/>\n<script type=\"application\/ld+json\" class=\"yoast-schema-graph\">{\"@context\":\"https:\\\/\\\/schema.org\",\"@graph\":[{\"@type\":\"WebPage\",\"@id\":\"https:\\\/\\\/madeofmoreska.com\\\/en\\\/shop\\\/skula-notebook-red\\\/\",\"url\":\"https:\\\/\\\/madeofmoreska.com\\\/en\\\/shop\\\/skula-notebook-red\\\/\",\"name\":\"Sk\u0215la notebook, red - MADE OF MORE&Scaron;KA\",\"isPartOf\":{\"@id\":\"https:\\\/\\\/madeofmoreska.com\\\/#website\"},\"primaryImageOfPage\":{\"@id\":\"https:\\\/\\\/madeofmoreska.com\\\/en\\\/shop\\\/skula-notebook-red\\\/#primaryimage\"},\"image\":{\"@id\":\"https:\\\/\\\/madeofmoreska.com\\\/en\\\/shop\\\/skula-notebook-red\\\/#primaryimage\"},\"thumbnailUrl\":\"https:\\\/\\\/madeofmoreska.com\\\/wp-content\\\/uploads\\\/crveni_s_crvenom.jpg\",\"datePublished\":\"2017-06-21T20:36:36+00:00\",\"dateModified\":\"2017-09-23T14:27:46+00:00\",\"breadcrumb\":{\"@id\":\"https:\\\/\\\/madeofmoreska.com\\\/en\\\/shop\\\/skula-notebook-red\\\/#breadcrumb\"},\"inLanguage\":\"en-US\",\"potentialAction\":[{\"@type\":\"ReadAction\",\"target\":[\"https:\\\/\\\/madeofmoreska.com\\\/en\\\/shop\\\/skula-notebook-red\\\/\"]}]},{\"@type\":\"ImageObject\",\"inLanguage\":\"en-US\",\"@id\":\"https:\\\/\\\/madeofmoreska.com\\\/en\\\/shop\\\/skula-notebook-red\\\/#primaryimage\",\"url\":\"https:\\\/\\\/madeofmoreska.com\\\/wp-content\\\/uploads\\\/crveni_s_crvenom.jpg\",\"contentUrl\":\"https:\\\/\\\/madeofmoreska.com\\\/wp-content\\\/uploads\\\/crveni_s_crvenom.jpg\",\"width\":3259,\"height\":2422},{\"@type\":\"BreadcrumbList\",\"@id\":\"https:\\\/\\\/madeofmoreska.com\\\/en\\\/shop\\\/skula-notebook-red\\\/#breadcrumb\",\"itemListElement\":[{\"@type\":\"ListItem\",\"position\":1,\"name\":\"Home\",\"item\":\"https:\\\/\\\/madeofmoreska.com\\\/en\\\/\"},{\"@type\":\"ListItem\",\"position\":2,\"name\":\"Shop\",\"item\":\"https:\\\/\\\/madeofmoreska.com\\\/en\\\/shop-en\\\/\"},{\"@type\":\"ListItem\",\"position\":3,\"name\":\"Sk\u0215la notebook, red\"}]},{\"@type\":\"WebSite\",\"@id\":\"https:\\\/\\\/madeofmoreska.com\\\/#website\",\"url\":\"https:\\\/\\\/madeofmoreska.com\\\/\",\"name\":\"MADE OF MORE&Scaron;KA\",\"description\":\"\",\"publisher\":{\"@id\":\"https:\\\/\\\/madeofmoreska.com\\\/#organization\"},\"potentialAction\":[{\"@type\":\"SearchAction\",\"target\":{\"@type\":\"EntryPoint\",\"urlTemplate\":\"https:\\\/\\\/madeofmoreska.com\\\/?s={search_term_string}\"},\"query-input\":{\"@type\":\"PropertyValueSpecification\",\"valueRequired\":true,\"valueName\":\"search_term_string\"}}],\"inLanguage\":\"en-US\"},{\"@type\":\"Organization\",\"@id\":\"https:\\\/\\\/madeofmoreska.com\\\/#organization\",\"name\":\"MADE OF MORE&Scaron;KA\",\"url\":\"https:\\\/\\\/madeofmoreska.com\\\/\",\"logo\":{\"@type\":\"ImageObject\",\"inLanguage\":\"en-US\",\"@id\":\"https:\\\/\\\/madeofmoreska.com\\\/#\\\/schema\\\/logo\\\/image\\\/\",\"url\":\"https:\\\/\\\/madeofmoreska.com\\\/wp-content\\\/uploads\\\/logo-header_transparent.png\",\"contentUrl\":\"https:\\\/\\\/madeofmoreska.com\\\/wp-content\\\/uploads\\\/logo-header_transparent.png\",\"width\":452,\"height\":125,\"caption\":\"MADE OF MORE&Scaron;KA\"},\"image\":{\"@id\":\"https:\\\/\\\/madeofmoreska.com\\\/#\\\/schema\\\/logo\\\/image\\\/\"},\"sameAs\":[\"https:\\\/\\\/www.facebook.com\\\/madeofmoreska\\\/\",\"https:\\\/\\\/x.com\\\/moreskamade\"]}]}<\/script>\n<!-- \/ Yoast SEO plugin. -->","yoast_head_json":{"title":"Sk\u0215la notebook, red - MADE OF MORE&Scaron;KA","robots":{"index":"index","follow":"follow","max-snippet":"max-snippet:-1","max-image-preview":"max-image-preview:large","max-video-preview":"max-video-preview:-1"},"canonical":"https:\/\/madeofmoreska.com\/en\/shop\/skula-notebook-red\/","og_locale":"en_US","og_type":"article","og_title":"Sk\u0215la notebook, red - MADE OF MORE&Scaron;KA","og_description":"Sk\u0215la is Kor\u010dula\u2019s word for school. A collection of planners, diaries and notebooks - Sk\u0215la is not just for the school, but for all those occasions when you want to write something down and keep it from oblivion. Just like Kor\u010dula did with More\u0161ka.One fifth of all Made of: More\u0161ka proceedings are donated to the local organizations that preserve More\u0161ka.","og_url":"https:\/\/madeofmoreska.com\/en\/shop\/skula-notebook-red\/","og_site_name":"MADE OF MORE&Scaron;KA","article_publisher":"https:\/\/www.facebook.com\/madeofmoreska\/","article_modified_time":"2017-09-23T14:27:46+00:00","og_image":[{"width":3259,"height":2422,"url":"https:\/\/madeofmoreska.com\/wp-content\/uploads\/crveni_s_crvenom.jpg","type":"image\/jpeg"}],"twitter_card":"summary_large_image","twitter_site":"@moreskamade","schema":{"@context":"https:\/\/schema.org","@graph":[{"@type":"WebPage","@id":"https:\/\/madeofmoreska.com\/en\/shop\/skula-notebook-red\/","url":"https:\/\/madeofmoreska.com\/en\/shop\/skula-notebook-red\/","name":"Sk\u0215la notebook, red - MADE OF MORE&Scaron;KA","isPartOf":{"@id":"https:\/\/madeofmoreska.com\/#website"},"primaryImageOfPage":{"@id":"https:\/\/madeofmoreska.com\/en\/shop\/skula-notebook-red\/#primaryimage"},"image":{"@id":"https:\/\/madeofmoreska.com\/en\/shop\/skula-notebook-red\/#primaryimage"},"thumbnailUrl":"https:\/\/madeofmoreska.com\/wp-content\/uploads\/crveni_s_crvenom.jpg","datePublished":"2017-06-21T20:36:36+00:00","dateModified":"2017-09-23T14:27:46+00:00","breadcrumb":{"@id":"https:\/\/madeofmoreska.com\/en\/shop\/skula-notebook-red\/#breadcrumb"},"inLanguage":"en-US","potentialAction":[{"@type":"ReadAction","target":["https:\/\/madeofmoreska.com\/en\/shop\/skula-notebook-red\/"]}]},{"@type":"ImageObject","inLanguage":"en-US","@id":"https:\/\/madeofmoreska.com\/en\/shop\/skula-notebook-red\/#primaryimage","url":"https:\/\/madeofmoreska.com\/wp-content\/uploads\/crveni_s_crvenom.jpg","contentUrl":"https:\/\/madeofmoreska.com\/wp-content\/uploads\/crveni_s_crvenom.jpg","width":3259,"height":2422},{"@type":"BreadcrumbList","@id":"https:\/\/madeofmoreska.com\/en\/shop\/skula-notebook-red\/#breadcrumb","itemListElement":[{"@type":"ListItem","position":1,"name":"Home","item":"https:\/\/madeofmoreska.com\/en\/"},{"@type":"ListItem","position":2,"name":"Shop","item":"https:\/\/madeofmoreska.com\/en\/shop-en\/"},{"@type":"ListItem","position":3,"name":"Sk\u0215la notebook, red"}]},{"@type":"WebSite","@id":"https:\/\/madeofmoreska.com\/#website","url":"https:\/\/madeofmoreska.com\/","name":"MADE OF MORE&Scaron;KA","description":"","publisher":{"@id":"https:\/\/madeofmoreska.com\/#organization"},"potentialAction":[{"@type":"SearchAction","target":{"@type":"EntryPoint","urlTemplate":"https:\/\/madeofmoreska.com\/?s={search_term_string}"},"query-input":{"@type":"PropertyValueSpecification","valueRequired":true,"valueName":"search_term_string"}}],"inLanguage":"en-US"},{"@type":"Organization","@id":"https:\/\/madeofmoreska.com\/#organization","name":"MADE OF MORE&Scaron;KA","url":"https:\/\/madeofmoreska.com\/","logo":{"@type":"ImageObject","inLanguage":"en-US","@id":"https:\/\/madeofmoreska.com\/#\/schema\/logo\/image\/","url":"https:\/\/madeofmoreska.com\/wp-content\/uploads\/logo-header_transparent.png","contentUrl":"https:\/\/madeofmoreska.com\/wp-content\/uploads\/logo-header_transparent.png","width":452,"height":125,"caption":"MADE OF MORE&Scaron;KA"},"image":{"@id":"https:\/\/madeofmoreska.com\/#\/schema\/logo\/image\/"},"sameAs":["https:\/\/www.facebook.com\/madeofmoreska\/","https:\/\/x.com\/moreskamade"]}]}},"_links":{"self":[{"href":"https:\/\/madeofmoreska.com\/en\/wp-json\/wp\/v2\/product\/525","targetHints":{"allow":["GET"]}}],"collection":[{"href":"https:\/\/madeofmoreska.com\/en\/wp-json\/wp\/v2\/product"}],"about":[{"href":"https:\/\/madeofmoreska.com\/en\/wp-json\/wp\/v2\/types\/product"}],"replies":[{"embeddable":true,"href":"https:\/\/madeofmoreska.com\/en\/wp-json\/wp\/v2\/comments?post=525"}],"wp:featuredmedia":[{"embeddable":true,"href":"https:\/\/madeofmoreska.com\/en\/wp-json\/wp\/v2\/media\/726"}],"wp:attachment":[{"href":"https:\/\/madeofmoreska.com\/en\/wp-json\/wp\/v2\/media?parent=525"}],"wp:term":[{"taxonomy":"product_brand","embeddable":true,"href":"https:\/\/madeofmoreska.com\/en\/wp-json\/wp\/v2\/product_brand?post=525"},{"taxonomy":"product_cat","embeddable":true,"href":"https:\/\/madeofmoreska.com\/en\/wp-json\/wp\/v2\/product_cat?post=525"},{"taxonomy":"product_tag","embeddable":true,"href":"https:\/\/madeofmoreska.com\/en\/wp-json\/wp\/v2\/product_tag?post=525"}],"curies":[{"name":"wp","href":"https:\/\/api.w.org\/{rel}","templated":true}]}}